{"id":49,"date":"2023-11-27T13:07:17","date_gmt":"2023-11-27T13:07:17","guid":{"rendered":"https:\/\/buzzblogprotheme.com\/isabelle-roche\/?page_id=49"},"modified":"2024-11-26T17:45:43","modified_gmt":"2024-11-26T16:45:43","slug":"contact","status":"publish","type":"page","link":"https:\/\/joannasojka.com\/pl\/contact\/","title":{"rendered":"Kontakt"},"content":{"rendered":"<div data-elementor-type=\"wp-page\" data-elementor-id=\"49\" class=\"elementor elementor-49\">\n\t\t\t\t<div class=\"elementor-element elementor-element-3b192a9 e-flex e-con-boxed e-con e-parent\" data-id=\"3b192a9\" data-element_type=\"container\" data-settings=\"{&quot;buzzblog_ext_is_background_parallax&quot;:&quot;true&quot;,&quot;buzzblog_ext_is_background_parallax_speed&quot;:{&quot;unit&quot;:&quot;px&quot;,&quot;size&quot;:0.8,&quot;sizes&quot;:[]}}\">\n\t\t\t\t\t<div class=\"e-con-inner\">\n\t\t<div class=\"elementor-element elementor-element-467d9c2 e-con-full e-flex e-con e-child\" data-id=\"467d9c2\" data-element_type=\"container\" data-settings=\"{&quot;buzzblog_ext_is_background_parallax&quot;:&quot;false&quot;}\">\n\t\t\t\t<div class=\"elementor-element elementor-element-d13c23c elementor-widget elementor-widget-heading\" data-id=\"d13c23c\" data-element_type=\"widget\" data-settings=\"{&quot;buzzblog_hidepaged&quot;:&quot;false&quot;,&quot;buzzblog_ext_is_smoove&quot;:&quot;false&quot;}\" data-widget_type=\"heading.default\">\n\t\t\t\t<div class=\"elementor-widget-container\">\n\t\t\t<style>\/*! elementor - v3.23.0 - 05-08-2024 *\/\n.elementor-heading-title{padding:0;margin:0;line-height:1}.elementor-widget-heading .elementor-heading-title[class*=elementor-size-]>a{color:inherit;font-size:inherit;line-height:inherit}.elementor-widget-heading .elementor-heading-title.elementor-size-small{font-size:15px}.elementor-widget-heading .elementor-heading-title.elementor-size-medium{font-size:19px}.elementor-widget-heading .elementor-heading-title.elementor-size-large{font-size:29px}.elementor-widget-heading .elementor-heading-title.elementor-size-xl{font-size:39px}.elementor-widget-heading .elementor-heading-title.elementor-size-xxl{font-size:59px}<\/style><h2 class=\"elementor-heading-title elementor-size-default\">KONTAKT<\/h2>\t\t<\/div>\n\t\t\t\t<\/div>\n\t\t\t\t<\/div>\n\t\t<div class=\"elementor-element elementor-element-3cd21b8 e-flex e-con-boxed e-con e-child\" data-id=\"3cd21b8\" data-element_type=\"container\" data-settings=\"{&quot;buzzblog_ext_is_background_parallax&quot;:&quot;false&quot;}\">\n\t\t\t\t\t<div class=\"e-con-inner\">\n\t\t\t\t<div class=\"elementor-element elementor-element-78ff975 elementor-widget elementor-widget-text-editor\" data-id=\"78ff975\" data-element_type=\"widget\" data-settings=\"{&quot;buzzblog_hidepaged&quot;:&quot;false&quot;,&quot;buzzblog_ext_is_smoove&quot;:&quot;false&quot;}\" data-widget_type=\"text-editor.default\">\n\t\t\t\t<div class=\"elementor-widget-container\">\n\t\t\t<style>\/*! elementor - v3.23.0 - 05-08-2024 *\/\n.elementor-widget-text-editor.elementor-drop-cap-view-stacked .elementor-drop-cap{background-color:#69727d;color:#fff}.elementor-widget-text-editor.elementor-drop-cap-view-framed .elementor-drop-cap{color:#69727d;border:3px solid;background-color:transparent}.elementor-widget-text-editor:not(.elementor-drop-cap-view-default) .elementor-drop-cap{margin-top:8px}.elementor-widget-text-editor:not(.elementor-drop-cap-view-default) .elementor-drop-cap-letter{width:1em;height:1em}.elementor-widget-text-editor .elementor-drop-cap{float:left;text-align:center;line-height:1;font-size:50px}.elementor-widget-text-editor .elementor-drop-cap-letter{display:inline-block}<\/style>\t\t\t\t<p>Interesuj\u0119 Ciebie wsp\u00f3\u0142praca ze mn\u0105? Czekam na wiadomo\u015b\u0107 od Ciebie.<\/p><p>\u00a0<\/p><p><b><a href=\"mailto:sojkasoprano@gmail.com\" target=\"_blank\" rel=\"noopener\">sojkasoprano@gmail.com<\/a><\/b><\/p>\t\t\t\t\t\t<\/div>\n\t\t\t\t<\/div>\n\t\t\t\t<div class=\"elementor-element elementor-element-ac4e0d2 elementor-widget elementor-widget-image\" data-id=\"ac4e0d2\" data-element_type=\"widget\" data-settings=\"{&quot;buzzblog_hidepaged&quot;:&quot;false&quot;,&quot;buzzblog_ext_is_smoove&quot;:&quot;false&quot;}\" data-widget_type=\"image.default\">\n\t\t\t\t<div class=\"elementor-widget-container\">\n\t\t\t<style>\/*! elementor - v3.23.0 - 05-08-2024 *\/\n.elementor-widget-image{text-align:center}.elementor-widget-image a{display:inline-block}.elementor-widget-image a img[src$=\".svg\"]{width:48px}.elementor-widget-image img{vertical-align:middle;display:inline-block}<\/style>\t\t\t\t\t\t\t\t\t\t<img fetchpriority=\"high\" decoding=\"async\" width=\"487\" height=\"730\" src=\"https:\/\/joannasojka.com\/wp-content\/uploads\/2024\/10\/fot.-Beata-Synkiewicz-487x730.jpg\" class=\"attachment-large size-large wp-image-2446\" alt=\"\" srcset=\"https:\/\/joannasojka.com\/wp-content\/uploads\/2024\/10\/fot.-Beata-Synkiewicz-487x730.jpg 487w, https:\/\/joannasojka.com\/wp-content\/uploads\/2024\/10\/fot.-Beata-Synkiewicz-273x410.jpg 273w, https:\/\/joannasojka.com\/wp-content\/uploads\/2024\/10\/fot.-Beata-Synkiewicz-768x1152.jpg 768w, https:\/\/joannasojka.com\/wp-content\/uploads\/2024\/10\/fot.-Beata-Synkiewicz-1024x1536.jpg 1024w, https:\/\/joannasojka.com\/wp-content\/uploads\/2024\/10\/fot.-Beata-Synkiewicz-1365x2048.jpg 1365w, https:\/\/joannasojka.com\/wp-content\/uploads\/2024\/10\/fot.-Beata-Synkiewicz-8x12.jpg 8w, https:\/\/joannasojka.com\/wp-content\/uploads\/2024\/10\/fot.-Beata-Synkiewicz-90x135.jpg 90w, https:\/\/joannasojka.com\/wp-content\/uploads\/2024\/10\/fot.-Beata-Synkiewicz-320x480.jpg 320w, https:\/\/joannasojka.com\/wp-content\/uploads\/2024\/10\/fot.-Beata-Synkiewicz-560x840.jpg 560w, https:\/\/joannasojka.com\/wp-content\/uploads\/2024\/10\/fot.-Beata-Synkiewicz-782x1173.jpg 782w, https:\/\/joannasojka.com\/wp-content\/uploads\/2024\/10\/fot.-Beata-Synkiewicz-1136x1704.jpg 1136w, https:\/\/joannasojka.com\/wp-content\/uploads\/2024\/10\/fot.-Beata-Synkiewicz-1920x2880.jpg 1920w, https:\/\/joannasojka.com\/wp-content\/uploads\/2024\/10\/fot.-Beata-Synkiewicz-scaled.jpg 1707w\" sizes=\"(max-width: 487px) 100vw, 487px\" \/>\t\t\t\t\t\t\t\t\t\t\t\t\t<\/div>\n\t\t\t\t<\/div>\n\t\t\t\t\t<\/div>\n\t\t\t\t<\/div>\n\t\t\t\t\t<\/div>\n\t\t\t\t<\/div>\n\t\t\t\t<\/div>","protected":false},"excerpt":{"rendered":"<p>CONTACT Interested in working together? I can&#8217;t wait to hear from you. \u00a0 sojkasoprano@gmail.com<\/p>","protected":false},"author":1,"featured_media":0,"parent":0,"menu_order":0,"comment_status":"closed","ping_status":"closed","template":"","meta":{"footnotes":""},"categories":[],"tags":[],"class_list":["post-49","page","type-page","status-publish","hentry"],"_links":{"self":[{"href":"https:\/\/joannasojka.com\/pl\/wp-json\/wp\/v2\/pages\/49","targetHints":{"allow":["GET"]}}],"collection":[{"href":"https:\/\/joannasojka.com\/pl\/wp-json\/wp\/v2\/pages"}],"about":[{"href":"https:\/\/joannasojka.com\/pl\/wp-json\/wp\/v2\/types\/page"}],"author":[{"embeddable":true,"href":"https:\/\/joannasojka.com\/pl\/wp-json\/wp\/v2\/users\/1"}],"replies":[{"embeddable":true,"href":"https:\/\/joannasojka.com\/pl\/wp-json\/wp\/v2\/comments?post=49"}],"version-history":[{"count":31,"href":"https:\/\/joannasojka.com\/pl\/wp-json\/wp\/v2\/pages\/49\/revisions"}],"predecessor-version":[{"id":2714,"href":"https:\/\/joannasojka.com\/pl\/wp-json\/wp\/v2\/pages\/49\/revisions\/2714"}],"wp:attachment":[{"href":"https:\/\/joannasojka.com\/pl\/wp-json\/wp\/v2\/media?parent=49"}],"wp:term":[{"taxonomy":"category","embeddable":true,"href":"https:\/\/joannasojka.com\/pl\/wp-json\/wp\/v2\/categories?post=49"},{"taxonomy":"post_tag","embeddable":true,"href":"https:\/\/joannasojka.com\/pl\/wp-json\/wp\/v2\/tags?post=49"}],"curies":[{"name":"wp","href":"https:\/\/api.w.org\/{rel}","templated":true}]}}