{"id":2159,"date":"2024-09-07T05:24:10","date_gmt":"2024-09-07T03:24:10","guid":{"rendered":"https:\/\/joannasojka.com\/?page_id=2159"},"modified":"2024-10-30T22:17:27","modified_gmt":"2024-10-30T21:17:27","slug":"bands","status":"publish","type":"page","link":"https:\/\/joannasojka.com\/pl\/bands\/","title":{"rendered":"BANDS"},"content":{"rendered":"<div data-elementor-type=\"wp-page\" data-elementor-id=\"2159\" class=\"elementor elementor-2159\">\n\t\t\t\t<div class=\"elementor-element elementor-element-ddce598 e-con-full e-flex e-con e-parent\" data-id=\"ddce598\" data-element_type=\"container\" data-settings=\"{&quot;buzzblog_ext_is_background_parallax&quot;:&quot;false&quot;}\">\n\t\t\t\t<div class=\"elementor-element elementor-element-2c4ff11 elementor-widget elementor-widget-heading\" data-id=\"2c4ff11\" data-element_type=\"widget\" data-settings=\"{&quot;buzzblog_hidepaged&quot;:&quot;false&quot;,&quot;buzzblog_ext_is_smoove&quot;:&quot;false&quot;}\" data-widget_type=\"heading.default\">\n\t\t\t\t<div class=\"elementor-widget-container\">\n\t\t\t<style>\/*! elementor - v3.23.0 - 05-08-2024 *\/\n.elementor-heading-title{padding:0;margin:0;line-height:1}.elementor-widget-heading .elementor-heading-title[class*=elementor-size-]>a{color:inherit;font-size:inherit;line-height:inherit}.elementor-widget-heading .elementor-heading-title.elementor-size-small{font-size:15px}.elementor-widget-heading .elementor-heading-title.elementor-size-medium{font-size:19px}.elementor-widget-heading .elementor-heading-title.elementor-size-large{font-size:29px}.elementor-widget-heading .elementor-heading-title.elementor-size-xl{font-size:39px}.elementor-widget-heading .elementor-heading-title.elementor-size-xxl{font-size:59px}<\/style><h1 class=\"elementor-heading-title elementor-size-default\">Zespo\u0142y<\/h1>\t\t<\/div>\n\t\t\t\t<\/div>\n\t\t\t\t<\/div>\n\t\t<div class=\"elementor-element elementor-element-2b60e1e e-con-full e-flex e-con e-parent\" data-id=\"2b60e1e\" data-element_type=\"container\" data-settings=\"{&quot;buzzblog_ext_is_background_parallax&quot;:&quot;false&quot;}\">\n\t\t<div class=\"elementor-element elementor-element-8cbcfac e-con-full e-flex e-con e-child\" data-id=\"8cbcfac\" data-element_type=\"container\" data-settings=\"{&quot;background_background&quot;:&quot;classic&quot;,&quot;buzzblog_ext_is_background_parallax&quot;:&quot;false&quot;}\">\n\t\t\t\t<div class=\"elementor-element elementor-element-b7a8e1f elementor-widget elementor-widget-image\" data-id=\"b7a8e1f\" data-element_type=\"widget\" data-settings=\"{&quot;buzzblog_hidepaged&quot;:&quot;false&quot;,&quot;buzzblog_ext_is_smoove&quot;:&quot;false&quot;}\" data-widget_type=\"image.default\">\n\t\t\t\t<div class=\"elementor-widget-container\">\n\t\t\t<style>\/*! elementor - v3.23.0 - 05-08-2024 *\/\n.elementor-widget-image{text-align:center}.elementor-widget-image a{display:inline-block}.elementor-widget-image a img[src$=\".svg\"]{width:48px}.elementor-widget-image img{vertical-align:middle;display:inline-block}<\/style>\t\t\t\t\t\t\t\t\t\t<img fetchpriority=\"high\" decoding=\"async\" width=\"376\" height=\"376\" src=\"https:\/\/joannasojka.com\/wp-content\/uploads\/2024\/09\/clasic-duo-fan_fb-fanpagev-1.png\" class=\"attachment-large size-large wp-image-2167\" alt=\"\" srcset=\"https:\/\/joannasojka.com\/wp-content\/uploads\/2024\/09\/clasic-duo-fan_fb-fanpagev-1.png 376w, https:\/\/joannasojka.com\/wp-content\/uploads\/2024\/09\/clasic-duo-fan_fb-fanpagev-1-160x160.png 160w, https:\/\/joannasojka.com\/wp-content\/uploads\/2024\/09\/clasic-duo-fan_fb-fanpagev-1-90x90.png 90w, https:\/\/joannasojka.com\/wp-content\/uploads\/2024\/09\/clasic-duo-fan_fb-fanpagev-1-320x320.png 320w\" sizes=\"(max-width: 376px) 100vw, 376px\" \/>\t\t\t\t\t\t\t\t\t\t\t\t\t<\/div>\n\t\t\t\t<\/div>\n\t\t\t\t<\/div>\n\t\t<div class=\"elementor-element elementor-element-51126ed e-con-full e-flex e-con e-child\" data-id=\"51126ed\" data-element_type=\"container\" data-settings=\"{&quot;buzzblog_ext_is_background_parallax&quot;:&quot;false&quot;}\">\n\t\t\t\t<div class=\"elementor-element elementor-element-c792264 elementor-widget elementor-widget-text-editor\" data-id=\"c792264\" data-element_type=\"widget\" data-settings=\"{&quot;buzzblog_hidepaged&quot;:&quot;false&quot;,&quot;buzzblog_ext_is_smoove&quot;:&quot;false&quot;}\" data-widget_type=\"text-editor.default\">\n\t\t\t\t<div class=\"elementor-widget-container\">\n\t\t\t<style>\/*! elementor - v3.23.0 - 05-08-2024 *\/\n.elementor-widget-text-editor.elementor-drop-cap-view-stacked .elementor-drop-cap{background-color:#69727d;color:#fff}.elementor-widget-text-editor.elementor-drop-cap-view-framed .elementor-drop-cap{color:#69727d;border:3px solid;background-color:transparent}.elementor-widget-text-editor:not(.elementor-drop-cap-view-default) .elementor-drop-cap{margin-top:8px}.elementor-widget-text-editor:not(.elementor-drop-cap-view-default) .elementor-drop-cap-letter{width:1em;height:1em}.elementor-widget-text-editor .elementor-drop-cap{float:left;text-align:center;line-height:1;font-size:50px}.elementor-widget-text-editor .elementor-drop-cap-letter{display:inline-block}<\/style>\t\t\t\t<div class=\"wp-block-column is-layout-flow wp-block-column-is-layout-flow\"><h3>CLASSIC DUO<\/h3><p>\u00a0<\/p><p>Joanna Sojka and Gajusz K\u0119ska are two separate musical temperaments that share one common sensitivity.<br \/>Arty\u015bci spotkali si\u0119 w Akademii Muzycznej w Krakowie, gdzie przez kilka lat wsp\u00f3lnie pracowali nad repertuarem pie\u015bniowym i operowym. Efektem tej wsp\u00f3\u0142pracy by\u0142o wiele koncert\u00f3w, a tak\u017ce stworzenie harmonijnego duetu, kt\u00f3ry tworz\u0105 do dzi\u015b.<br \/>Repertuar koncertowy Classic Duo obejmuje pie\u015bni polskich i zagranicznych kompozytor\u00f3w, arie operowe i operetkowe, a nawet piosenki z najbardziej znanych musicali.<br \/>Classic Duo oferuje koncerty muzyki klasycznej. Repertuar zespo\u0142u obejmuje pie\u015bni, arie operowe i operetkowe.\u00a0<br \/>Any questions regarding concert offers, please contact: <a href=\"mailto:classicduo.sojka@gmail.com\" target=\"_blank\" rel=\"noreferrer noopener\">classicduo.sojka@gmail.com<\/a><\/p><\/div>\t\t\t\t\t\t<\/div>\n\t\t\t\t<\/div>\n\t\t\t\t<\/div>\n\t\t\t\t<\/div>\n\t\t<div class=\"elementor-element elementor-element-be01473 e-flex e-con-boxed e-con e-parent\" data-id=\"be01473\" data-element_type=\"container\" data-settings=\"{&quot;buzzblog_ext_is_background_parallax&quot;:&quot;false&quot;}\">\n\t\t\t\t\t<div class=\"e-con-inner\">\n\t\t<div class=\"elementor-element elementor-element-61be960 e-con-full e-flex e-con e-child\" data-id=\"61be960\" data-element_type=\"container\" data-settings=\"{&quot;buzzblog_ext_is_background_parallax&quot;:&quot;false&quot;}\">\n\t\t\t\t<div class=\"elementor-element elementor-element-4ef1148 elementor-widget elementor-widget-text-editor\" data-id=\"4ef1148\" data-element_type=\"widget\" data-settings=\"{&quot;buzzblog_hidepaged&quot;:&quot;false&quot;,&quot;buzzblog_ext_is_smoove&quot;:&quot;false&quot;}\" data-widget_type=\"text-editor.default\">\n\t\t\t\t<div class=\"elementor-widget-container\">\n\t\t\t\t\t\t\t<div class=\"wp-block-columns has-2-columns is-layout-flex wp-container-core-columns-layout-3 wp-block-columns-is-layout-flex\"><div class=\"wp-block-column is-layout-flow wp-block-column-is-layout-flow\"><figure class=\"wp-block-image is-resized\"><h2>ARMONIA BAROCCA<\/h2><p>Nazwa Armonia Barocca z w\u0142oskiego oznacza \"Harmonijny Barok\". Zesp\u00f3\u0142 wykonuje muzyk\u0119 barokow\u0105 i opiera swoje g\u0142\u0119bokie i \u017cywe interpretacje na historycznych praktykach wykonawstwa muzyki dawnej.<br \/>Any questions regarding concert offers, please contact: <a href=\"mailto:armonia.barocca@gmail.com\" target=\"_blank\" rel=\"noreferrer noopener\">armonia.barocca@gmail.com<\/a><\/p><\/figure><\/div><\/div>\t\t\t\t\t\t<\/div>\n\t\t\t\t<\/div>\n\t\t\t\t<\/div>\n\t\t<div class=\"elementor-element elementor-element-e7f2aef e-con-full e-flex e-con e-child\" data-id=\"e7f2aef\" data-element_type=\"container\" data-settings=\"{&quot;background_background&quot;:&quot;classic&quot;,&quot;buzzblog_ext_is_background_parallax&quot;:&quot;false&quot;}\">\n\t\t\t\t<div class=\"elementor-element elementor-element-cdfd438 elementor-widget elementor-widget-image\" data-id=\"cdfd438\" data-element_type=\"widget\" data-settings=\"{&quot;buzzblog_hidepaged&quot;:&quot;false&quot;,&quot;buzzblog_ext_is_smoove&quot;:&quot;false&quot;}\" data-widget_type=\"image.default\">\n\t\t\t\t<div class=\"elementor-widget-container\">\n\t\t\t\t\t\t\t\t\t\t\t\t\t<img decoding=\"async\" width=\"311\" height=\"216\" src=\"https:\/\/joannasojka.com\/wp-content\/uploads\/2024\/09\/czarne-1.png\" class=\"attachment-large size-large wp-image-2166\" alt=\"\" srcset=\"https:\/\/joannasojka.com\/wp-content\/uploads\/2024\/09\/czarne-1.png 311w, https:\/\/joannasojka.com\/wp-content\/uploads\/2024\/09\/czarne-1-90x63.png 90w\" sizes=\"(max-width: 311px) 100vw, 311px\" \/>\t\t\t\t\t\t\t\t\t\t\t\t\t<\/div>\n\t\t\t\t<\/div>\n\t\t\t\t<\/div>\n\t\t\t\t\t<\/div>\n\t\t\t\t<\/div>\n\t\t<div class=\"elementor-element elementor-element-b3e1d76 e-flex e-con-boxed e-con e-parent\" data-id=\"b3e1d76\" data-element_type=\"container\" data-settings=\"{&quot;background_background&quot;:&quot;classic&quot;,&quot;buzzblog_ext_is_background_parallax&quot;:&quot;false&quot;}\">\n\t\t\t\t\t<div class=\"e-con-inner\">\n\t\t<div class=\"elementor-element elementor-element-ade0c3f e-con-full e-flex e-con e-child\" data-id=\"ade0c3f\" data-element_type=\"container\" data-settings=\"{&quot;background_background&quot;:&quot;classic&quot;,&quot;buzzblog_ext_is_background_parallax&quot;:&quot;false&quot;}\">\n\t\t\t\t<div class=\"elementor-element elementor-element-aeef443 elementor-widget elementor-widget-image\" data-id=\"aeef443\" data-element_type=\"widget\" data-settings=\"{&quot;buzzblog_hidepaged&quot;:&quot;false&quot;,&quot;buzzblog_ext_is_smoove&quot;:&quot;false&quot;}\" data-widget_type=\"image.default\">\n\t\t\t\t<div class=\"elementor-widget-container\">\n\t\t\t\t\t\t\t\t\t\t\t\t\t<img decoding=\"async\" width=\"806\" height=\"606\" src=\"https:\/\/joannasojka.com\/wp-content\/uploads\/2024\/09\/IMG_20200204_204226-\u2014-kopia-2-1.png\" class=\"attachment-large size-large wp-image-2165\" alt=\"\" srcset=\"https:\/\/joannasojka.com\/wp-content\/uploads\/2024\/09\/IMG_20200204_204226-\u2014-kopia-2-1.png 806w, https:\/\/joannasojka.com\/wp-content\/uploads\/2024\/09\/IMG_20200204_204226-\u2014-kopia-2-1-545x410.png 545w, https:\/\/joannasojka.com\/wp-content\/uploads\/2024\/09\/IMG_20200204_204226-\u2014-kopia-2-1-768x577.png 768w, https:\/\/joannasojka.com\/wp-content\/uploads\/2024\/09\/IMG_20200204_204226-\u2014-kopia-2-1-90x68.png 90w, https:\/\/joannasojka.com\/wp-content\/uploads\/2024\/09\/IMG_20200204_204226-\u2014-kopia-2-1-320x240.png 320w, https:\/\/joannasojka.com\/wp-content\/uploads\/2024\/09\/IMG_20200204_204226-\u2014-kopia-2-1-560x420.png 560w, https:\/\/joannasojka.com\/wp-content\/uploads\/2024\/09\/IMG_20200204_204226-\u2014-kopia-2-1-782x587.png 782w\" sizes=\"(max-width: 806px) 100vw, 806px\" \/>\t\t\t\t\t\t\t\t\t\t\t\t\t<\/div>\n\t\t\t\t<\/div>\n\t\t\t\t<\/div>\n\t\t<div class=\"elementor-element elementor-element-03e2ec0 e-con-full e-flex e-con e-child\" data-id=\"03e2ec0\" data-element_type=\"container\" data-settings=\"{&quot;buzzblog_ext_is_background_parallax&quot;:&quot;false&quot;}\">\n\t\t\t\t<div class=\"elementor-element elementor-element-3de06b7 elementor-widget elementor-widget-text-editor\" data-id=\"3de06b7\" data-element_type=\"widget\" data-settings=\"{&quot;buzzblog_hidepaged&quot;:&quot;false&quot;,&quot;buzzblog_ext_is_smoove&quot;:&quot;false&quot;}\" data-widget_type=\"text-editor.default\">\n\t\t\t\t<div class=\"elementor-widget-container\">\n\t\t\t\t\t\t\t<div class=\"wp-block-column is-layout-flow wp-block-column-is-layout-flow\"><h2>ESPRESSIVO DUO<\/h2><p>Joanna Sojka \u2013 soprano<\/p><p>Anna Wiktoria Swoboda \u2013 lute \/ theorbo<\/p><p>O nas: Arty\u015bci wsp\u00f3\u0142pracuj\u0105 ze sob\u0105 od kilku lat, wykonuj\u0105c muzyk\u0119 renesansow\u0105 i barokow\u0105 zgodnie z zasadami historycznie poinformowanego wykonawstwa, w kt\u00f3rym si\u0119 specjalizuj\u0105. W centrum ich repertuaru wokalnego i instrumentalnego (na g\u0142os i lutni\u0119 lub g\u0142os i basso continuo) znajduj\u0105 si\u0119 najpi\u0119kniejsze pie\u015bni z epoki el\u017cbieta\u0144skiej - Dowlanda, Campiona, Johnsona, dzie\u0142a w\u0142oskich wirtuoz\u00f3w: Monteverdiego, Cacciniego, Frescobaldiego oraz utwory solowe na s\u0142ynne XVI- i XVII-wieczne lutnie zwi\u0105zane z dworem jagiello\u0144skim na Wawelu. Nagrania obojga artyst\u00f3w mo\u017cna znale\u017a\u0107 na ich stronach internetowych: <a href=\"https:\/\/joannasojka.com\/pl\/\" target=\"_blank\" rel=\"noreferrer noopener\">www.joannasojka.com<\/a>, <a href=\"http:\/\/www.wiktoriaswoboda.jimdofree.com\" target=\"_blank\" rel=\"noreferrer noopener\">www.wiktoriaswoboda.jimdofree.com<\/a> oraz na <a href=\"https:\/\/youtu.be\/OsoVD1tfjhk\" target=\"_blank\" rel=\"noreferrer noopener\" aria-label=\"YouTube channel (otwiera si\u0119 na nowej zak\u0142adce)\">YouTube channel<\/a> - witaj!<\/p><\/div>\t\t\t\t\t\t<\/div>\n\t\t\t\t<\/div>\n\t\t\t\t<\/div>\n\t\t\t\t\t<\/div>\n\t\t\t\t<\/div>\n\t\t\t\t<\/div>","protected":false},"excerpt":{"rendered":"<p>Bands CLASSIC DUO \u00a0 Joanna Sojka and Gajusz K\u0119ska are two separate musical temperaments that share one common sensitivity.The artists met at the Krakow Academy of Music, where for several&#8230;<\/p>","protected":false},"author":1,"featured_media":0,"parent":0,"menu_order":0,"comment_status":"closed","ping_status":"closed","template":"","meta":{"footnotes":""},"categories":[],"tags":[],"class_list":["post-2159","page","type-page","status-publish","hentry"],"_links":{"self":[{"href":"https:\/\/joannasojka.com\/pl\/wp-json\/wp\/v2\/pages\/2159","targetHints":{"allow":["GET"]}}],"collection":[{"href":"https:\/\/joannasojka.com\/pl\/wp-json\/wp\/v2\/pages"}],"about":[{"href":"https:\/\/joannasojka.com\/pl\/wp-json\/wp\/v2\/types\/page"}],"author":[{"embeddable":true,"href":"https:\/\/joannasojka.com\/pl\/wp-json\/wp\/v2\/users\/1"}],"replies":[{"embeddable":true,"href":"https:\/\/joannasojka.com\/pl\/wp-json\/wp\/v2\/comments?post=2159"}],"version-history":[{"count":55,"href":"https:\/\/joannasojka.com\/pl\/wp-json\/wp\/v2\/pages\/2159\/revisions"}],"predecessor-version":[{"id":2634,"href":"https:\/\/joannasojka.com\/pl\/wp-json\/wp\/v2\/pages\/2159\/revisions\/2634"}],"wp:attachment":[{"href":"https:\/\/joannasojka.com\/pl\/wp-json\/wp\/v2\/media?parent=2159"}],"wp:term":[{"taxonomy":"category","embeddable":true,"href":"https:\/\/joannasojka.com\/pl\/wp-json\/wp\/v2\/categories?post=2159"},{"taxonomy":"post_tag","embeddable":true,"href":"https:\/\/joannasojka.com\/pl\/wp-json\/wp\/v2\/tags?post=2159"}],"curies":[{"name":"wp","href":"https:\/\/api.w.org\/{rel}","templated":true}]}}